{"id":8445,"date":"2024-05-15T13:21:15","date_gmt":"2024-05-15T11:21:15","guid":{"rendered":"https:\/\/domosat.com\/politica-de-privacidad\/"},"modified":"2024-11-21T12:39:37","modified_gmt":"2024-11-21T11:39:37","slug":"politica-de-privacidad","status":"publish","type":"page","link":"https:\/\/domosat.com\/es\/politica-de-privacidad\/","title":{"rendered":"Pol\u00edtica de Privacidad"},"content":{"rendered":"<p>Este texto legal le brinda detalles sobre c\u00f3mo recopilamos y procesamos sus datos personales a trav\u00e9s del uso de nuestro sitio web <strong>https:\/\/www.domosat.com<\/strong>, incluyendo cualquier informaci\u00f3n que nos pueda facilitar a trav\u00e9s del sitio cuando proporcione sus datos de contacto a trav\u00e9s del formulario habilitado al efecto.<br \/>Al facilitarnos los datos, le informamos que nuestros servicios no son posibles para aquellas personas a las que la normativa les impide prestar su consentimiento, por lo que al enviarnos los formularios nos garantiza que tiene capacidad suficiente para otorgar el consentimiento.<br \/>A continuaci\u00f3n le informamos sobre la pol\u00edtica de protecci\u00f3n de datos de <strong>Azimut Cero, S.L.<\/strong><\/p><h3 class=\"wp-block-heading\">1. RESPONSABLE DEL TRATAMIENTO<\/h3><p>&nbsp;<\/p><p>Datos de contacto del responsable:<\/p><p>Azimut Cero, S.L., en: Pol. Ind. La Quinta, Nave 1, Ctra. Ronda, Km. 168.5 29670 San Pedro de Alc\u00e1ntara M\u00e1laga y tel\u00e9fono: 952787357. Correo Electr\u00f3nico: <a href=\"mailto:domosat@domosat.com\">domosat@domosat.com<\/a><\/p><p><strong>Azimut Cero, S.L.<\/strong>, es responsable de sus datos. (en adelante nosotros o nuestro).<\/p><h3 class=\"wp-block-heading\">2. \u00bfQU\u00c9 DATOS RECOPILAMOS?<\/h3><p>&nbsp;<\/p><p>El Reglamento General de Protecci\u00f3n de Datos define datos personales como toda informaci\u00f3n sobre una persona f\u00edsica identificada o identificable, es decir, cualquier informaci\u00f3n capaz de identificar a una persona. Esto no incluir\u00eda datos an\u00f3nimos o porcentuales.<br \/>Los datos personales que pudieran recabarse directamente del interesado ser\u00e1n tratados de forma confidencial y quedar\u00e1n incorporados a las correspondientes actividades de tratamiento, titularidad de <strong>Azimut Cero, S.L<\/strong>.<\/p><p>En nuestro sitio web, podemos procesar ciertos tipos de datos personales, que pueden incluir:<\/p><p>\u2022 <strong>Datos de Identidad:<\/strong> nombre, apellido y nombre de usuario.<br \/>\u2022 <strong>Datos de contacto:<\/strong> correo electr\u00f3nico.<br \/>\u2022 <strong>Datos de perfil:<\/strong> usuario y contrase\u00f1as.<\/p><p>No recopilamos ning\u00fan dato relativo a categor\u00edas especiales de datos personales (aquellos que revelan su origen \u00e9tnico o racial, opiniones pol\u00edticas, convicciones religiosas o filos\u00f3ficas, afiliaci\u00f3n sindical e informaci\u00f3n sobre su salud, datos gen\u00e9ticos o biom\u00e9tricos).<\/p><p>En caso de que deba recopilar datos personales por ley o en virtud de los t\u00e9rminos de un contrato entre nosotros y se niegue a brind\u00e1rnoslos, es posible que no podamos cumplir con dicho contrato o brindar el servicio, y debe notificarlo. nosotros por adelantado.<\/p><h3 class=\"wp-block-heading\">3. \u00bfC\u00d3MO RECOPILAMOS SUS DATOS PERSONALES?<\/h3><p>&nbsp;<\/p><p>Los medios que utilizamos para recabar datos personales son:<\/p><p>\u2022 A trav\u00e9s del formulario de nuestra web, a trav\u00e9s de nuestros correos electr\u00f3nicos de contacto, por tel\u00e9fono o correo postal, <strong>cuando solicitas informaci\u00f3n sobre nuestros productos o servicios o te registras.<\/strong><\/p><p>Para asegurar la calidad de nuestro portal, tenemos que reservarnos el derecho de rechazar cualquier solicitud de registro o de suspender o cancelar un registro previamente aceptado si entendemos que no cumple con estos requisitos o cualquier otra ley o reglamento. Si esto sucede, intentaremos explicar los motivos de nuestra decisi\u00f3n, pero no podemos comprometernos a hacerlo en todos los casos.<\/p><p>\u2022 <strong>Mediante tecnolog\u00eda o interacciones autom\u00e1ticas:<\/strong> Podemos recopilar autom\u00e1ticamente datos t\u00e9cnicos sobre su equipo, acciones de navegaci\u00f3n y patrones de uso en nuestro sitio. Estos datos se recopilan a trav\u00e9s de cookies o tecnolog\u00edas similares. Si desea m\u00e1s informaci\u00f3n, puede consultar nuestra pol\u00edtica de cookies aqu\u00ed (enlace)<br \/>\u2022<strong> Mediante terceros:<\/strong><br \/>\u2013 Google: datos anal\u00edticos o datos de b\u00fasqueda. Fuera de la Uni\u00f3n Europea.<\/p><h3 class=\"wp-block-heading\">4. FINALIDAD Y LEGITIMACI\u00d3N PARA EL USO DE DATOS.<\/h3><p>&nbsp;<\/p><p>Los usos m\u00e1s comunes de sus datos personales son:<\/p><p>\u2013 Para la <strong>formalizaci\u00f3n de un contrato<\/strong> entre <strong>Azimut Cero, S.L. y usted.<\/strong><br \/>\u2013 Cuando da su <strong>consentimiento para el procesamiento de sus datos.<\/strong><br \/>\u2013 Cuando los necesitamos para cumplir con una<strong> obligaci\u00f3n legal o reguladora.<\/strong><br \/>\u2013 Cuando necesario por <strong>nuestro inter\u00e9s leg\u00edtimo o el de un tercero.<\/strong><\/p><p>El Usuario podr\u00e1 revocar el consentimiento prestado en cualquier momento enviando un correo electr\u00f3nico a <strong>domosat@domosat.com<\/strong> o consultando el siguiente apartado de ejercicio de derechos.<\/p><p>A continuaci\u00f3n puede consultar las formas en que vamos a utilizar sus datos personales y la legitimidad de su uso, adem\u00e1s de saber qu\u00e9 tipo de datos personales vamos a tratar. Es posible que procesemos algunos datos personales por alg\u00fan motivo legal adicional, por lo que si necesita detalles al respecto, puede enviar un correo electr\u00f3nico a <a href=\"mailto:domosat@domosat.com\">domosat@domosat.com<\/a><\/p><p><strong>Objetivo<\/strong><\/p><p>Para solicitar informaci\u00f3n a trav\u00e9s del formulario de contacto<\/p><p><strong>Tipo de datos<\/strong><\/p><p>\u2013 Nombre<br \/>\u2013 Correo Electr\u00f3nico<\/p><p><strong>Legitimaci\u00f3n para su tratamiento<\/strong><\/p><p>Consentimiento del interesado<\/p><p><strong>Objetivo<\/strong><\/p><p>Para hacer un ticket de soporte<\/p><p><strong>Tipo de datos<\/strong><\/p><p>\u2013 Correo Electr\u00f3nico<\/p><p><strong>Legitimaci\u00f3n para su tratamiento<\/strong><\/p><p>Consentimiento del interesado<\/p><p><strong>Objetivo<\/strong><\/p><p>Para iniciar sesi\u00f3n como usuario<\/p><p><strong>Tipo de datos<\/strong><\/p><p>\u2013 Correo Electr\u00f3nico<br \/>\u2013 Contrase\u00f1a<\/p><p><strong>Legitimaci\u00f3n para su tratamiento<\/strong><\/p><p>Consentimiento del interesado<\/p><p><strong>Objetivo<\/strong><\/p><p>Para registrarse<\/p><p><strong>Tipo de datos<\/strong><\/p><p>\u2013 Nombre<br \/>\u2013 Apellidos<br \/>\u2013 Correo Electr\u00f3nico<\/p><p><strong>Legitimaci\u00f3n para su tratamiento<\/strong><\/p><p>-Consentimiento de terceros<\/p><p>-Cumplimiento de una obligaci\u00f3n contractual o precontractual<\/p><p><strong>Objetivo:<\/strong> solo utilizaremos sus datos para los fines para los que los recabamos salvo que consideremos razonablemente que debemos utilizarlos para otro motivo, notific\u00e1ndoselo con antelaci\u00f3n para que est\u00e9 informado del motivo legal del tratamiento y siempre que la finalidad sea compatible con el prop\u00f3sito original.<\/p><h3 class=\"wp-block-heading\">5. \u00bfCU\u00c1NTO TIEMPO CONSERVAMOS SUS DATOS?.<\/h3><p>&nbsp;<\/p><p>Se conservar\u00e1n durante el tiempo necesario para cumplir con la finalidad para la que fueron recabados y para determinar las posibles responsabilidades que se pudieran derivar de dicha finalidad y del tratamiento de los datos. Ser\u00e1 de aplicaci\u00f3n lo dispuesto en las distintas normativas relativas al plazo de conservaci\u00f3n, en lo que resulte aplicable a este tratamiento.<\/p><h3 class=\"wp-block-heading\">6. MENORES<\/h3><p>&nbsp;<\/p><p><strong>Azimut Zero, S.L.<\/strong> no autoriza a los menores de 14 a\u00f1os a facilitar sus datos personales a trav\u00e9s de los medios habilitados en este sitio web (relleno de los formularios web de solicitud de servicios, contacto o env\u00edo de correos electr\u00f3nicos). Por lo tanto, las personas que proporcionen datos personales utilizando dicho medio declaran formalmente que son mayores de 14 a\u00f1os, dejando <strong>Azimut Cero, S.L.<\/strong> exenta de cualquier responsabilidad por el incumplimiento de este requisito.<\/p><p>Si su hijo menor del l\u00edmite de edad establecido ha proporcionado informaci\u00f3n personal a <strong>Azimut Cero, S.L.,<\/strong> por favor cont\u00e1ctenos para solicitar el ejercicio de sus derechos aplicables<\/p><p>En aquellos casos en que los servicios ofrecidos por <strong>Azimut Cero, S.L.<\/strong> se destinen a menores de 14 a\u00f1os, se habilitar\u00e1n los medios para obtener la autorizaci\u00f3n de los padres o tutores legales del menor<\/p><h3 class=\"wp-block-heading\">7. EJERCICIO DE LOS DERECHOS DE PROTECCI\u00d3N DE DATOS<\/h3><p>&nbsp;<\/p><p>\u00bfC\u00f3mo ejercer estos derechos? Los usuarios podr\u00e1n dirigir la comunicaci\u00f3n al domicilio social de <strong>Azimut Cero, S.L<\/strong>. o direcci\u00f3n de correo electr\u00f3nico domosat@domosat.com, incluyendo en ambos casos fotocopia de su DNI u otros documentos identificativos an\u00e1logos, para solicitar el ejercicio de los siguientes derechos:<\/p><p>\u2013 <strong>Acceso a sus datos personales:<\/strong> puede preguntar <strong>Azimut Cero, S.L.<\/strong> si est\u00e1 utilizando sus datos personales.<br \/>\u2013 <strong>Para solicitar su modificaci\u00f3n<\/strong>, si no fueran correctos, o ejercitar el derecho al olvido respecto de los mismos.<br \/>\u2013 <strong>Para solicitar la limitaci\u00f3n del tratamiento,<\/strong> en este caso, solo ser\u00e1 mantenida por <strong>Azimut Cero, S.L<\/strong>. para el ejercicio o la defensa de reclamaciones<br \/>\u2013 <strong>To oppose its treatment:<\/strong> <strong>Azimut Cero, S.L.<\/strong> permitir\u00e1 que los datos sean tratados en la forma que usted indique salvo que por motivos leg\u00edtimos o el ejercicio o la defensa de posibles reclamaciones, \u00e9stos deban seguir trat\u00e1ndose. <br \/><strong>\u2013 A la portabilidad de los datos:<\/strong> en caso de que desee que sus datos sean tratados por otra empresa, <strong>Azimut Cero, S.L.<\/strong>, facilitar\u00e1 la portabilidad de sus datos al nuevo responsable.<\/p><p>Puede utilizar los modelos puestos a su disposici\u00f3n por la Agencia Espa\u00f1ola de Protecci\u00f3n de Datos, para ejercer sus anteriores derechos: <a href=\"https:\/\/www.aepd.es\/derechos-y-deberes\/ejerce-tus-derechos\">Aqu\u00ed<\/a><\/p><p>Reclamaci\u00f3n ante la AEPD: si considera que hay un problema con la forma en que <strong>Azimut Cero, S.L.<\/strong> est\u00e1 tratando sus datos, puede dirigir sus reclamaciones a la autoridad de control correspondiente, siendo en Espa\u00f1a, la competente para ello: <a href=\"https:\/\/sedeagpd.gob.es\/sede-electronica-web\/vistas\/infoSede\/tramitesCiudadano.jsf\">Agencia Espa\u00f1ola de Protecci\u00f3n de Datos.<\/a><\/p><p>Le solicitaremos informaci\u00f3n espec\u00edfica para ayudarnos a confirmar su identidad y garantizar su derecho a acceder a sus datos personales (o ejercer cualquiera de los otros derechos mencionados anteriormente). Esta es una medida de seguridad para garantizar que los datos personales no se divulguen a nadie que no tenga derecho a recibirlos. Resolveremos todas las solicitudes en el plazo legal indicado de un mes. Sin embargo, es posible que tardemos m\u00e1s de un mes si su solicitud es particularmente compleja. En este caso, le notificaremos y lo mantendremos informado.<\/p><h3 class=\"wp-block-heading\">8. COMUNICACI\u00d3N DE DATOS: PRESTACI\u00d3N DE SERVICIOS<\/h3><p><br \/>Es posible que, en el desempe\u00f1o de nuestro trabajo, necesitemos la ayuda de terceros, que \u00fanicamente tratar\u00e1n los datos para prestar el servicio contratado, y con los que disponemos de las medidas correspondientes para garantizar sus derechos:<\/p><p>\u2013 Proveedores de servicios que prestan servicios de tecnolog\u00eda de la informaci\u00f3n y administraci\u00f3n de sistemas.<br \/>\u2013 Asesores profesionales, incluidos abogados, auditores y aseguradores que prestan servicios de consultor\u00eda bancaria, jur\u00eddica, de seguros y contable.<\/p><p><br \/>A todos los procesadores de datos a los que transferimos sus datos respetar\u00e1n la seguridad de sus datos personales y los tratar\u00e1n de acuerdo con el RGPD. Solo permitimos que dichos procesadores procesen sus datos para ciertos prop\u00f3sitos y de acuerdo con nuestras instrucciones. No obstante, puede solicitarnos, en cumplimiento de la transparencia, una lista de estas empresas que nos prestan servicios, puede hacerlo a trav\u00e9s del correo electr\u00f3nico: <a href=\"mailto:domosat@domosat.com\">domosat@domosat.com<\/a><\/p><h3 class=\"wp-block-heading\">9. INFORMACI\u00d3N DE SEGURIDAD<\/h3><p><br \/>Hemos implementado las medidas de seguridad adecuadas para evitar que sus datos personales se pierdan, utilicen o accedan accidentalmente de forma no autorizada, se modifiquen o se divulguen. Adem\u00e1s, limitamos el acceso a sus datos personales a aquellos empleados, agentes de contrataci\u00f3n y otros terceros que tienen una necesidad comercial de conocer dichos datos.<\/p><p>Solo procesar\u00e1n sus datos personales siguiendo nuestras instrucciones y estar\u00e1n sujetos a un deber de confidencialidad.<br \/>Hemos implementado procedimientos para hacer frente a cualquier sospecha de violaci\u00f3n de sus datos personales y le informaremos a usted y a la Autoridad de Control en caso de que se produzca una brecha de seguridad, tal y como regula el RGPD en sus art\u00edculos 33 y 34.<\/p>","protected":false},"excerpt":{"rendered":"<p>Este texto legal le brinda detalles sobre c\u00f3mo recopilamos y procesamos sus datos personales a trav\u00e9s del uso de nuestro sitio web https:\/\/www.domosat.com, incluyendo cualquier&#8230;<\/p>\n","protected":false},"author":1,"featured_media":0,"parent":0,"menu_order":0,"comment_status":"closed","ping_status":"closed","template":"","meta":{"footnotes":""},"class_list":["post-8445","page","type-page","status-publish","hentry"],"_links":{"self":[{"href":"https:\/\/domosat.com\/es\/wp-json\/wp\/v2\/pages\/8445","targetHints":{"allow":["GET"]}}],"collection":[{"href":"https:\/\/domosat.com\/es\/wp-json\/wp\/v2\/pages"}],"about":[{"href":"https:\/\/domosat.com\/es\/wp-json\/wp\/v2\/types\/page"}],"author":[{"embeddable":true,"href":"https:\/\/domosat.com\/es\/wp-json\/wp\/v2\/users\/1"}],"replies":[{"embeddable":true,"href":"https:\/\/domosat.com\/es\/wp-json\/wp\/v2\/comments?post=8445"}],"version-history":[{"count":2,"href":"https:\/\/domosat.com\/es\/wp-json\/wp\/v2\/pages\/8445\/revisions"}],"predecessor-version":[{"id":8477,"href":"https:\/\/domosat.com\/es\/wp-json\/wp\/v2\/pages\/8445\/revisions\/8477"}],"wp:attachment":[{"href":"https:\/\/domosat.com\/es\/wp-json\/wp\/v2\/media?parent=8445"}],"curies":[{"name":"wp","href":"https:\/\/api.w.org\/{rel}","templated":true}]}}