{"id":8443,"date":"2024-06-20T12:16:59","date_gmt":"2024-06-20T10:16:59","guid":{"rendered":"https:\/\/domosat.com\/aviso-legal\/"},"modified":"2024-11-21T12:39:27","modified_gmt":"2024-11-21T11:39:27","slug":"aviso-legal","status":"publish","type":"page","link":"https:\/\/domosat.com\/es\/aviso-legal\/","title":{"rendered":"Aviso Legal"},"content":{"rendered":"<h3 class=\"wp-block-heading\">1. INFORMACI\u00d3N LEGAL Y ACEPTACI\u00d3N<\/h3><p>&nbsp;<\/p><p>En cumplimiento del art\u00edculo 10 de la Ley 34\/2002, de 11 de julio, de Servicios de la Sociedad de la Informaci\u00f3n y Comercio Electr\u00f3nico, a continuaci\u00f3n se exponen los datos identificativos de la empresa.<\/p><p><strong>Azimut Cero, S.L. Pol. Ind. La Quinta, Nave 1, Ctra. Ronda, Km. 168,5 29670 San Pedro de Alc\u00e1ntara M\u00e1laga. Tel\u00e9fono: 952787357 y Correo Electr\u00f3nico: <a href=\"mailto:domosat@domosat.com\">domosat@domosat.com<\/a>. <\/strong><\/p><p>Este aviso legal incluye las condiciones generales que rigen el acceso y uso de este sitio web, en adelante \u201cel sitio web\u201d. La utilizaci\u00f3n del sitio web implica la expresa y plena aceptaci\u00f3n de las presentes condiciones generales en la versi\u00f3n publicada en el momento en que el usuario acceda al mismo, sin perjuicio de las condiciones particulares que pudieran ser de aplicaci\u00f3n a algunos de los servicios espec\u00edficos del sitio web.<\/p><p>El acceso al sitio web tiene car\u00e1cter gratuito salvo el coste de la conexi\u00f3n a trav\u00e9s de la red de telecomunicaciones facilitada por el proveedor de acceso contratado por los usuarios. Ciertos servicios son exclusivos para nuestros clientes y su acceso est\u00e1 restringido.<\/p><p>La utilizaci\u00f3n del Portal atribuye la condici\u00f3n de usuario del Portal (en adelante, el \u2018Usuario\u2019) e implica la aceptaci\u00f3n de todas las condiciones incluidas en este Aviso Legal. La prestaci\u00f3n del servicio del Portal tiene una duraci\u00f3n limitada al momento en que el Usuario se encuentre conectado al Portal oa cualquiera de los servicios que a trav\u00e9s del mismo se facilitan. Por tanto, el Usuario debe leer atentamente este Aviso Legal en cada una de las ocasiones en que se proponga utilizar el Portal, ya que \u00e9ste y sus condiciones de uso contenidas en este Aviso Legal pueden sufrir modificaciones.<\/p><p>Algunos servicios del Portal accesibles a los usuarios de Internet o exclusivos de <strong>Azimut Cero, S.L.<\/strong> los clientes pueden estar sujetos a condiciones particulares, reglamentos e instrucciones que, en su caso, sustituyen, completan y\/o modifican el presente Aviso Legal y que deber\u00e1n ser aceptadas por el Usuario antes de que comience la prestaci\u00f3n del servicio.<\/p><h3 class=\"wp-block-heading\">2. PROPIEDAD INTELECTUAL E INDUSTRIAL<\/h3><p>&nbsp;<\/p><p>Este sitio web y los contenidos que alberga se encuentran protegidos por la legislaci\u00f3n vigente en materia de propiedad intelectual.<\/p><p><strong>Azimut Zero, S.L.<\/strong> es titular o licenciatario de todos los derechos de propiedad intelectual e industrial de su p\u00e1gina web, as\u00ed como de los elementos contenidos en la misma. Por tanto, queda expresamente prohibida la reproducci\u00f3n, distribuci\u00f3n, comunicaci\u00f3n p\u00fablica y transformaci\u00f3n, de la totalidad o parte de los contenidos de esta p\u00e1gina web, con fines comerciales, en cualquier soporte y por cualquier medio t\u00e9cnico, sin la autorizaci\u00f3n de los T\u00e9rminos y Condiciones.<\/p><p>Las marcas, nombres comerciales o signos distintivos son titularidad de <strong>Azimut Cero, S.L.<\/strong> ya sea por propiedad industrial o intelectual, sin que pueda entenderse que el acceso al Portal atribuya ning\u00fan derecho sobre las citadas marcas, nombres comerciales y\/o signos distintivos.<\/p><p>Todos los productos y servicios de estas p\u00e1ginas que NO son propiedad de <strong>Azimut Cero, S.L.<\/strong> son marcas comerciales de sus respectivos propietarios y son reconocidas como tales por nuestra empresa.<\/p><p>Solo aparecen en la <strong>p\u00e1gina de Azimut Cero, S.L.<\/strong> con fines promocionales y de recopilaci\u00f3n de informaci\u00f3n. Estos titulares pueden solicitar la modificaci\u00f3n o eliminaci\u00f3n de la informaci\u00f3n que les pertenece.<\/p><h3 class=\"wp-block-heading\">3. CONDICIONES DE USO DEL PORTAL<\/h3><p>&nbsp;<\/p><p><strong>3.1 Descripci\u00f3n general<\/strong><\/p><p>El Usuario se obliga a hacer un uso correcto del Portal de conformidad con la Ley y el presente Aviso Legal. El Usuario responder\u00e1 ante <strong>Azimut Cero, S.L.<\/strong>, o frente a terceros, de cualesquiera da\u00f1os y perjuicios que pudieran causarse como consecuencia del incumplimiento de dicha obligaci\u00f3n.<\/p><p>La utilizaci\u00f3n del Portal con fines lesivos de bienes o intereses de <strong>Azimut Cero, S.L<\/strong>. est\u00e1 expresamente prohibido. o de terceros o que de cualquier otra forma sobrecarguen, da\u00f1en o inutilicen las redes, servidores y dem\u00e1s equipos inform\u00e1ticos (hardware) o productos y aplicaciones inform\u00e1ticas (software) de <strong>Azimut Cero, S.L<\/strong>. o de terceros.<\/p><p><strong>3.2 Contenido<\/strong><\/p><p>El Usuario se obliga a utilizar los Contenidos de conformidad con la Ley y el presente Aviso Legal, as\u00ed como con las dem\u00e1s condiciones, reglamentos e instrucciones que fueran de aplicaci\u00f3n de conformidad con lo dispuesto en la cl\u00e1usula 1.<br \/>Con car\u00e1cter meramente enunciativo, el Usuario de acuerdo con la legislaci\u00f3n vigente deber\u00e1 abstenerse de:<\/p><p>\u2013 Reproducir, copiar, distribuir, poner a disposici\u00f3n, comunicar p\u00fablicamente, transformar o modificar los Contenidos salvo en los casos autorizados en la ley o expresamente consentidos por <strong>Azimut Cero, S.L.<\/strong> o por quien ostente la titularidad de los derechos de explotaci\u00f3n, en su caso.<br \/>\u2013 Reproducir o copiar para uso privado los Contenidos que puedan ser considerados como Software o bases de datos de acuerdo con la legislaci\u00f3n vigente en materia de propiedad intelectual, as\u00ed como su comunicaci\u00f3n p\u00fablica o su puesta a disposici\u00f3n de terceros cuando estos actos impliquen necesariamente la reproducci\u00f3n por parte del Usuario o de un tercero.<\/p><p>\u2013 Extraer y\/o reutilizar la totalidad o una parte sustancial de los Contenidos del Portal as\u00ed como de las bases de datos que <strong>Azimut Cero, S.L.<\/strong> pone a disposici\u00f3n de los Usuarios.<\/p><p><strong>3.3 Introducci\u00f3n de Enlaces al Portal<\/strong><\/p><p>Un usuario de Internet que quiera introducir enlaces desde sus propias p\u00e1ginas web al Portal deber\u00e1 cumplir con las condiciones que se detallan a continuaci\u00f3n sin que el desconocimiento de las mismas evite las responsabilidades derivadas de la Ley:<\/p><p>\u2022 El enlace \u00fanicamente vincular\u00e1 con la home page o p\u00e1gina principal del Portal pero no podr\u00e1 reproducirla de ninguna forma (online links, copia de los textos, gr\u00e1ficos, etc).<br \/>\u2022 En todo caso, quedar\u00e1 prohibido, de conformidad con la legislaci\u00f3n aplicable y vigente en cada momento, establecer marcos de cualquier clase que envuelvan el Portal o permitan la visualizaci\u00f3n de los Contenidos a trav\u00e9s de direcciones de Internet distintas a la del Portal y, En todo caso, cuando se visualicen junto con contenidos ajenos al Portal de forma que: (I) produzca, o pueda producir, error, confusi\u00f3n o enga\u00f1o en los usuarios sobre el verdadero origen del servicio o Contenido; (II) suponga un acto de comparaci\u00f3n o imitaci\u00f3n desleal; (III) sirva para aprovechar la reputaci\u00f3n de la marca y el prestigio de <strong>Azimut Cero, S.L<\/strong>. o (IV) de cualquier otra forma resulte prohibido por la legislaci\u00f3n vigente. <br \/>\u2022 No se realizar\u00e1n desde la p\u00e1gina que introduce el enlace ning\u00fan tipo de manifestaci\u00f3n falsa, inexacta o incorrecta sobre <strong>Azimut Cero, S.L<\/strong>., sus socios, empleados, clientes o la calidad de los servicios que presta.<br \/>\u2022 En ning\u00fan caso, se expresar\u00e1 en la p\u00e1gina donde se ubique el enlace que <strong>Azimut Cero, S.L.<\/strong> ha prestado su consentimiento para la inserci\u00f3n del enlace o que de otra forma patrocina, colabora, verifica o supervisa los servicios del remitente.<br \/>\u2022 La utilizaci\u00f3n de cualquier marca denominativa, gr\u00e1fica, mixta o cualquier otro signo distintivo de <strong>Azimut Cero, S.L.<\/strong> est\u00e1 prohibido. dentro de la p\u00e1gina del remitente salvo en los casos permitidos por la ley o expresamente autorizados por <strong>Azimut Cero, S.L.<\/strong> y siempre que, en estos casos, se permita un enlace directo con el Portal en la forma establecida en esta cl\u00e1usula.<br \/>\u2022 La p\u00e1gina que establezca el enlace deber\u00e1 cumplir fielmente con la ley y no podr\u00e1, en ning\u00fan caso, disponer o enlazar con contenidos propios o de terceros que: (I) sean ilegales, nocivos o contrarios a la moral y las buenas costumbres (pornogr\u00e1ficos, violentos, racistas, etc.); (II) induzcan o puedan inducir en el Usuario la falsa concepci\u00f3n de que <strong>Azimut Cero, S.L.<\/strong> suscriba, avale, se adhiera o de cualquier forma apoye las ideas, manifestaciones o expresiones, l\u00edcitas o il\u00edcitas, del remitente; (III) resulten inapropiados o no pertinentes con la actividad de <strong>Azimut Cero, S.L.<\/strong> en atenci\u00f3n al lugar, contenidos y tem\u00e1tica del sitio web del remitente.<\/p><h3 class=\"wp-block-heading\">4. EXCLUSI\u00d3N DE RESPONSABILIDAD<\/h3><p>&nbsp;<\/p><p><strong>4.1 Informaci\u00f3n<\/strong><\/p><p><strong>Azimut Zero, S.L.<\/strong> no se responsabiliza de las decisiones tomadas en base a la informaci\u00f3n suministrada en el Portal ni de los da\u00f1os y perjuicios que se causen al Usuario o a terceros con motivo de actuaciones que tengan como \u00fanico fundamento la informaci\u00f3n obtenida en el Portal.<\/p><p><strong>4.2 Sobre la calidad del servicio<\/strong><\/p><p>El acceso al Portal no implica la obligaci\u00f3n por parte de <strong>Azimut Cero, S.L.<\/strong> para controlar la ausencia de virus, gusanos o cualquier otro elemento inform\u00e1tico da\u00f1ino.<br \/>Corresponde al Usuario, en todo caso, la disponibilidad de herramientas adecuadas para la detecci\u00f3n y desinfecci\u00f3n de programas inform\u00e1ticos da\u00f1inos.<\/p><p>Azimut Zero, S.L. no se hace responsable de los da\u00f1os producidos en los equipos inform\u00e1ticos de los Usuarios o de terceros durante la prestaci\u00f3n del servicio del Portal.<\/p><p><strong>4.3 Disponibilidad del Servicio<\/strong><\/p><p>El acceso al Portal requiere de servicios y suministros de terceros, incluidos el transporte a trav\u00e9s de redes de telecomunicaciones cuya fiabilidad, calidad, continuidad y funcionamiento no corresponde a <strong>Azimut Cero, S.L.<\/strong> En consecuencia, los servicios prestados a trav\u00e9s del Portal podr\u00e1n ser suspendidos, cancelados o quedar inaccesibles, con car\u00e1cter previo o simult\u00e1neo a la prestaci\u00f3n del servicio del Portal, no siendo responsable de los da\u00f1os o perjuicios de cualquier tipo producidos en el Usuario que provoquen fallos o desconexiones en las redes de telecomunicaciones. que produzcan la suspensi\u00f3n, cancelaci\u00f3n o interrupci\u00f3n del servicio del Portal durante la prestaci\u00f3n del mismo o con car\u00e1cter previo a la misma.<\/p><p><strong>4.4 De los contenidos y servicios enlazados a trav\u00e9s del Portal<\/strong><\/p><p>El servicio de acceso al Portal incluye dispositivos t\u00e9cnicos de enlace, directorios e incluso instrumentos de b\u00fasqueda que permiten al Usuario acceder a otras p\u00e1ginas y portales de Internet (en adelante, \u2018Sitios Enlazados\u2019).<\/p><p>En estos casos, <strong>Azimut Cero, S.L.<\/strong> act\u00faa como prestador de servicios de intermediaci\u00f3n de conformidad con el art\u00edculo 17 de la Ley 34\/2002, de 12 de julio, de Servicios de la Sociedad de la Informaci\u00f3n y de Comercio Electr\u00f3nico (LSSI) y \u00fanicamente ser\u00e1 responsable de los contenidos y servicios suministrados en los Sitios Enlazados a en la medida en que tenga conocimiento efectivo de la ilicitud y no haya desactivado el enlace con la diligencia debida.<\/p><p>En el supuesto de que el Usuario considere que existe un Sitio Enlazado con contenidos il\u00edcitos o inadecuados, podr\u00e1 comunic\u00e1rselo a <strong>Azimut Cero, S.L.<\/strong> de conformidad con el procedimiento y los efectos establecidos en la cl\u00e1usula 6, sin que en ning\u00fan caso esta comunicaci\u00f3n conlleve la obligaci\u00f3n de retirar el correspondiente enlace.<\/p><p>En ning\u00fan caso, la existencia de Sitios Enlazados debe presuponer la existencia de acuerdos con los responsables o titulares de los mismos, ni la recomendaci\u00f3n, promoci\u00f3n o identificaci\u00f3n de <strong>Azimut Cero, S.L.<\/strong> con las manifestaciones, contenidos o servicios prestados.<\/p><p><strong>Azimut Zero, S.L.<\/strong> no conoce los contenidos y servicios de los Sitios Enlazados y por tanto no se hace responsable por los da\u00f1os producidos por la ilicitud, calidad, desactualizaci\u00f3n, indisponibilidad, error e inutilidad de los contenidos y\/o servicios de los Sitios Enlazados ni por cualquier otro da\u00f1o que no es directamente atribuible a <strong>Azimut Cero, S.L.<\/strong><\/p><h3 class=\"wp-block-heading\">5. PROTECCI\u00d3N DE DATOS<\/h3><p>&nbsp;<\/p><p>Puede consultar nuestra Pol\u00edtica de Protecci\u00f3n de Datos (enlace) para saber c\u00f3mo tratamos sus datos personales.<\/p><h3 class=\"wp-block-heading\">6. COMUNICACI\u00d3N DE ACTIVIDADES ILEGALES E INAPROPIADAS.<\/h3><p>&nbsp;<\/p><p>En el caso de que el Usuario o cualquier otro usuario de Internet tuviera conocimiento de que los Sitios Enlazados remiten a p\u00e1ginas cuyos contenidos o servicios son il\u00edcitos, nocivos, denigrantes, violentos o contrarios a la moral, podr\u00e1 ponerse en contacto con <strong>Azimut Cero, S.L.<\/strong> indicando los siguientes extremos:<\/p><p>1. Datos personales del llamante: nombre, direcci\u00f3n, n\u00famero de tel\u00e9fono y direcci\u00f3n de correo electr\u00f3nico;<br \/>2. Descripci\u00f3n de los hechos que revelan el car\u00e1cter il\u00edcito o inadecuado del Sitio Enlazado;<br \/>3. En el supuesto de violaci\u00f3n de derechos, tales como propiedad intelectual e industrial, los datos personales del titular del derecho infringido cuando sea persona distinta del comunicante.<br \/>4. Asimismo deber\u00e1 aportar el t\u00edtulo que acredite la legitimaci\u00f3n del titular de los derechos y, en su caso, el de representaci\u00f3n para actuar por cuenta del titular cuando sea persona distinta del comunicante;<br \/>5. Expresar la declaraci\u00f3n de que la informaci\u00f3n contenida en la reclamaci\u00f3n es exacta.<br \/>La recepci\u00f3n por <strong>Azimut Cero, S.L.<\/strong> de la comunicaci\u00f3n prevista en esta cl\u00e1usula no supondr\u00e1, seg\u00fan lo dispuesto en la LSSI, el conocimiento efectivo de las actividades y\/o contenidos indicados por el comunicante.<br \/>Asimismo, deber\u00e1 aportar el t\u00edtulo que acredite la legitimaci\u00f3n del titular de los derechos y, en su caso, el de representaci\u00f3n para actuar por cuenta del titular cuando sea persona distinta del comunicante.<\/p><h3 class=\"wp-block-heading\">7. NOTIFICACIONES<\/h3><p>&nbsp;<\/p><p>Todas las notificaciones y comunicaciones realizadas por las partes ser\u00e1n validadas de acuerdo con los medios admitidos en derecho. Las relativas a este Portal se considerar\u00e1n eficaces, a todos los efectos, si se realizan a trav\u00e9s del propio Portal.<\/p><h3 class=\"wp-block-heading\">8. MODIFICACIONES<\/h3><p>&nbsp;<\/p><p>Azimut Zero, S.L. se reserva el derecho a realizar las modificaciones que considere oportunas en su sitio web sin previo aviso, pudiendo cambiar, eliminar o a\u00f1adir tanto los contenidos y servicios prestados a trav\u00e9s del mismo como la forma en que aparecen presentados.<\/p><p>Por otro lado, estos t\u00e9rminos y condiciones pueden cambiar en cualquier momento. Las modificaciones entrar\u00e1n en vigor desde el momento de su publicaci\u00f3n.<\/p><h3 class=\"wp-block-heading\">9. REDES SOCIAL<\/h3><p>&nbsp;<\/p><p>Azimut Zero, S.L. est\u00e1 presente en diversas redes sociales y plataformas, por lo que, al acceder a cualquiera de estas u otras redes, se debe tener en cuenta que las condiciones de uso aplicables son las establecidas por cada plataforma, en las que, Azimut Cero, S.L. no interviene.<\/p><h3 class=\"wp-block-heading\">10. LEGISLACI\u00d3N<\/h3><p>&nbsp;<\/p><p>El presente Aviso Legal se rige en todos y cada uno de sus extremos por la ley espa\u00f1ola. Siempre que la Ley aplicable permita la renuncia al fuero legal establecido, se designa como fuero para la resoluci\u00f3n de posibles conflictos los juzgados y tribunales de M\u00e1laga, renunciando expresamente el usuario a cualquier otro fuero que pudiera corresponder.<\/p>","protected":false},"excerpt":{"rendered":"<p>1. INFORMACI\u00d3N LEGAL Y ACEPTACI\u00d3N &nbsp; En cumplimiento del art\u00edculo 10 de la Ley 34\/2002, de 11 de julio, de Servicios de la Sociedad de&#8230;<\/p>\n","protected":false},"author":1,"featured_media":0,"parent":0,"menu_order":0,"comment_status":"closed","ping_status":"closed","template":"","meta":{"footnotes":""},"class_list":["post-8443","page","type-page","status-publish","hentry"],"_links":{"self":[{"href":"https:\/\/domosat.com\/es\/wp-json\/wp\/v2\/pages\/8443","targetHints":{"allow":["GET"]}}],"collection":[{"href":"https:\/\/domosat.com\/es\/wp-json\/wp\/v2\/pages"}],"about":[{"href":"https:\/\/domosat.com\/es\/wp-json\/wp\/v2\/types\/page"}],"author":[{"embeddable":true,"href":"https:\/\/domosat.com\/es\/wp-json\/wp\/v2\/users\/1"}],"replies":[{"embeddable":true,"href":"https:\/\/domosat.com\/es\/wp-json\/wp\/v2\/comments?post=8443"}],"version-history":[{"count":2,"href":"https:\/\/domosat.com\/es\/wp-json\/wp\/v2\/pages\/8443\/revisions"}],"predecessor-version":[{"id":8476,"href":"https:\/\/domosat.com\/es\/wp-json\/wp\/v2\/pages\/8443\/revisions\/8476"}],"wp:attachment":[{"href":"https:\/\/domosat.com\/es\/wp-json\/wp\/v2\/media?parent=8443"}],"curies":[{"name":"wp","href":"https:\/\/api.w.org\/{rel}","templated":true}]}}